{"id":94,"date":"2025-06-08T22:08:12","date_gmt":"2025-06-08T20:08:12","guid":{"rendered":"https:\/\/obywatelstwo.eu\/?page_id=94"},"modified":"2025-06-08T22:08:12","modified_gmt":"2025-06-08T20:08:12","slug":"porady-prawne","status":"publish","type":"page","link":"https:\/\/obywatelstwo.eu\/index.php\/porady-prawne\/","title":{"rendered":"Porady prawne online"},"content":{"rendered":"\n<pre id=\"line1\" class=\"wp-block-preformatted\">Poradnik prawny zosta\u0142 przygotowany przez prawnik\u00f3w z Kancelarii Adwokackiej Adwokat Piotr St\u0105czek. Kancelaria umo\u017cliwia skorzystanie z obs\u0142ugi prawnej w postaci porady prawnej oraz opinii prawnej udzielanej online. Wype\u0142nienie i wys\u0142anie poni\u017cszego formularza pozwoli nam na szybki kontakt z Pa\u0144stwem.<br><\/pre>\n\n\n\n<div style=\"height:10px\" aria-hidden=\"true\" class=\"wp-block-spacer\"><\/div>\n\n\n<div class=\"wpforms-container wpforms-container-full wpforms-block wpforms-block-1b7b5ac9-c31d-48f3-89be-b449e100bfd1 wpforms-render-modern\" id=\"wpforms-88\"><form id=\"wpforms-form-88\" class=\"wpforms-validate wpforms-form wpforms-ajax-form\" data-formid=\"88\" method=\"post\" enctype=\"multipart\/form-data\" action=\"\/index.php\/wp-json\/wp\/v2\/pages\/94\" data-token=\"b47e0381934b175d0719628e68b440a8\" data-token-time=\"1776517772\"><noscript class=\"wpforms-error-noscript\">Aby wype\u0142ni\u0107 ten formularz, w\u0142\u0105cz obs\u0142ug\u0119 JavaScript w przegl\u0105darce.<\/noscript><div id=\"wpforms-error-noscript\" style=\"display: none;\">Aby wype\u0142ni\u0107 ten formularz, w\u0142\u0105cz obs\u0142ug\u0119 JavaScript w przegl\u0105darce.<\/div><div class=\"wpforms-field-container\"><div id=\"wpforms-88-field_1-container\" class=\"wpforms-field wpforms-field-name\" data-field-id=\"1\"><label class=\"wpforms-field-label\" for=\"wpforms-88-field_1\">Imi\u0119 i nazwisko<\/label><input type=\"text\" id=\"wpforms-88-field_1\" class=\"wpforms-field-medium\" name=\"wpforms[fields][1]\" aria-errormessage=\"wpforms-88-field_1-error\" aria-describedby=\"wpforms-88-field_1-description\" ><div id=\"wpforms-88-field_1-description\" class=\"wpforms-field-description\">Jak mamy si\u0119 do Ciebie zwraca\u0107?<\/div><\/div>\t\t<div id=\"wpforms-88-field_6-container\"\n\t\t\tclass=\"wpforms-field wpforms-field-text\"\n\t\t\tdata-field-type=\"text\"\n\t\t\tdata-field-id=\"6\"\n\t\t\t>\n\t\t\t<label class=\"wpforms-field-label\" for=\"wpforms-88-field_6\" >i wiadomo\u015b\u0107 miasto<\/label>\n\t\t\t<input type=\"text\" id=\"wpforms-88-field_6\" class=\"wpforms-field-medium\" name=\"wpforms[fields][6]\" >\n\t\t<\/div>\n\t\t<div id=\"wpforms-88-field_2-container\" class=\"wpforms-field wpforms-field-email\" data-field-id=\"2\"><label class=\"wpforms-field-label\" for=\"wpforms-88-field_2\">adres e-mail <span class=\"wpforms-required-label\" aria-hidden=\"true\">*<\/span><\/label><input type=\"email\" id=\"wpforms-88-field_2\" class=\"wpforms-field-medium wpforms-field-required\" name=\"wpforms[fields][2]\" spellcheck=\"false\" aria-errormessage=\"wpforms-88-field_2-error\" required><\/div><div id=\"wpforms-88-field_4-container\" class=\"wpforms-field wpforms-field-text\" data-field-id=\"4\"><label class=\"wpforms-field-label\" for=\"wpforms-88-field_4\">telefon<\/label><input type=\"text\" id=\"wpforms-88-field_4\" class=\"wpforms-field-medium\" name=\"wpforms[fields][4]\" aria-errormessage=\"wpforms-88-field_4-error\" aria-describedby=\"wpforms-88-field_4-description\" ><div id=\"wpforms-88-field_4-description\" class=\"wpforms-field-description\">Podaj je\u015bli zgadzasz si\u0119 na kontakt telefoniczny<\/div><\/div><div id=\"wpforms-88-field_5-container\" class=\"wpforms-field wpforms-field-text\" data-field-id=\"5\"><label class=\"wpforms-field-label\" for=\"wpforms-88-field_5\">miasto<\/label><input type=\"text\" id=\"wpforms-88-field_5\" class=\"wpforms-field-medium\" name=\"wpforms[fields][5]\" aria-errormessage=\"wpforms-88-field_5-error\" aria-describedby=\"wpforms-88-field_5-description\" ><div id=\"wpforms-88-field_5-description\" class=\"wpforms-field-description\">sk\u0105d do nas piszesz?<\/div><\/div><div id=\"wpforms-88-field_3-container\" class=\"wpforms-field wpforms-field-textarea\" data-field-id=\"3\"><label class=\"wpforms-field-label\" for=\"wpforms-88-field_3\">komentarz lub wiadomo\u015b\u0107 <span class=\"wpforms-required-label\" aria-hidden=\"true\">*<\/span><\/label><textarea id=\"wpforms-88-field_3\" class=\"wpforms-field-medium wpforms-field-required\" name=\"wpforms[fields][3]\" aria-errormessage=\"wpforms-88-field_3-error\" required><\/textarea><\/div><script>\n\t\t\t\t( function() {\n\t\t\t\t\tconst style = document.createElement( 'style' );\n\t\t\t\t\tstyle.appendChild( document.createTextNode( '#wpforms-88-field_6-container { position: absolute !important; overflow: hidden !important; display: inline !important; height: 1px !important; width: 1px !important; z-index: -1000 !important; padding: 0 !important; } #wpforms-88-field_6-container input { visibility: hidden; } #wpforms-conversational-form-page #wpforms-88-field_6-container label { counter-increment: none; }' ) );\n\t\t\t\t\tdocument.head.appendChild( style );\n\t\t\t\t\tdocument.currentScript?.remove();\n\t\t\t\t} )();\n\t\t\t<\/script><\/div><!-- .wpforms-field-container --><div class=\"wpforms-recaptcha-container wpforms-is-hcaptcha\" ><div class=\"h-captcha\" data-sitekey=\"2706b394-e3a8-408a-815c-a23e77bc6088\"><\/div><input type=\"text\" name=\"g-recaptcha-hidden\" class=\"wpforms-recaptcha-hidden\" style=\"position:absolute!important;clip:rect(0,0,0,0)!important;height:1px!important;width:1px!important;border:0!important;overflow:hidden!important;padding:0!important;margin:0!important;\" data-rule-hcaptcha=\"1\"><\/div><div class=\"wpforms-submit-container\" ><input type=\"hidden\" name=\"wpforms[id]\" value=\"88\"><input type=\"hidden\" name=\"page_title\" value=\"\"><input type=\"hidden\" name=\"page_url\" value=\"https:\/\/obywatelstwo.eu\/index.php\/wp-json\/wp\/v2\/pages\/94\"><input type=\"hidden\" name=\"url_referer\" value=\"\"><button type=\"submit\" name=\"wpforms[submit]\" id=\"wpforms-submit-88\" class=\"wpforms-submit\" data-alt-text=\"Wysy\u0142anie...\" data-submit-text=\"Prze\u015blij\" aria-live=\"assertive\" value=\"wpforms-submit\">Prze\u015blij<\/button><img loading=\"lazy\" decoding=\"async\" src=\"https:\/\/obywatelstwo.eu\/wp-content\/plugins\/wpforms-lite\/assets\/images\/submit-spin.svg\" class=\"wpforms-submit-spinner\" style=\"display: none;\" width=\"26\" height=\"26\" alt=\"Wczytywanie\"><\/div><\/form><\/div>  <!-- .wpforms-container -->","protected":false},"excerpt":{"rendered":"<p>Poradnik prawny zosta\u0142 przygotowany przez prawnik\u00f3w z Kancelarii Adwokackiej Adwokat Piotr St\u0105czek. Kancelaria umo\u017cliwia skorzystanie z obs\u0142ugi prawnej w postaci porady prawnej oraz opinii prawnej udzielanej online. Wype\u0142nienie i wys\u0142anie poni\u017cszego formularza pozwoli nam na szybki kontakt z Pa\u0144stwem.<\/p>\n","protected":false},"author":1,"featured_media":0,"parent":0,"menu_order":0,"comment_status":"closed","ping_status":"closed","template":"wp-custom-template-strona-pl","meta":{"footnotes":""},"class_list":["post-94","page","type-page","status-publish","hentry"],"_links":{"self":[{"href":"https:\/\/obywatelstwo.eu\/index.php\/wp-json\/wp\/v2\/pages\/94","targetHints":{"allow":["GET"]}}],"collection":[{"href":"https:\/\/obywatelstwo.eu\/index.php\/wp-json\/wp\/v2\/pages"}],"about":[{"href":"https:\/\/obywatelstwo.eu\/index.php\/wp-json\/wp\/v2\/types\/page"}],"author":[{"embeddable":true,"href":"https:\/\/obywatelstwo.eu\/index.php\/wp-json\/wp\/v2\/users\/1"}],"replies":[{"embeddable":true,"href":"https:\/\/obywatelstwo.eu\/index.php\/wp-json\/wp\/v2\/comments?post=94"}],"version-history":[{"count":1,"href":"https:\/\/obywatelstwo.eu\/index.php\/wp-json\/wp\/v2\/pages\/94\/revisions"}],"predecessor-version":[{"id":95,"href":"https:\/\/obywatelstwo.eu\/index.php\/wp-json\/wp\/v2\/pages\/94\/revisions\/95"}],"wp:attachment":[{"href":"https:\/\/obywatelstwo.eu\/index.php\/wp-json\/wp\/v2\/media?parent=94"}],"curies":[{"name":"wp","href":"https:\/\/api.w.org\/{rel}","templated":true}]}}